{"id":1675,"date":"2025-12-25T15:44:44","date_gmt":"2025-12-25T14:44:44","guid":{"rendered":"https:\/\/dev.nexiastar.com\/?page_id=1675"},"modified":"2026-01-21T00:28:54","modified_gmt":"2026-01-20T23:28:54","slug":"articles","status":"publish","type":"page","link":"https:\/\/nexiastar.com\/en\/clanci\/","title":{"rendered":"Articles"},"content":{"rendered":"<div id=\"fws_69e74911a28d0\"  data-column-margin=\"default\" data-midnight=\"dark\" data-top-percent=\"10%\"  class=\"wpb_row vc_row-fluid vc_row full-width-section\"  style=\"padding-top: calc(100vw * 0.10); padding-bottom: 0px; \"><div class=\"row-bg-wrap\" data-bg-animation=\"none\" data-bg-animation-delay=\"\" data-bg-overlay=\"false\"><div class=\"inner-wrap row-bg-layer using-image\" ><div class=\"row-bg viewport-desktop using-image\"  style=\"background-image: url(https:\/\/nexiastar.com\/wp-content\/uploads\/2025\/12\/2023-08-FEATURE-IMG1-1.jpg); background-position: center center; background-repeat: no-repeat; \"><\/div><\/div><\/div><div class=\"row_col_wrap_12 col span_12 dark left\">\n\t<div style=\" color: #00323C;\" class=\"vc_col-sm-6 hero-box wpb_column column_container vc_column_container col no-extra-padding inherit_tablet inherit_phone tr_br_40px\" data-cfc=\"true\" data-using-bg=\"true\" data-padding-pos=\"all\" data-has-bg-color=\"true\" data-bg-color=\"#FFFFFF\" data-bg-opacity=\"1\" data-animation=\"\" data-delay=\"0\" >\n\t\t<div class=\"vc_column-inner\" ><div class=\"column-bg-overlay-wrap column-bg-layer\" data-bg-animation=\"none\"><div class=\"column-bg-overlay\" style=\"opacity: 1; background-color: #FFFFFF;\"><\/div><\/div>\n\t\t\t<div class=\"wpb_wrapper\">\n\t\t\t\t<div id=\"fws_69e74911a2bad\" data-midnight=\"\" data-column-margin=\"default\" class=\"wpb_row vc_row-fluid vc_row inner_row\"  style=\"\"><div class=\"row-bg-wrap\"> <div class=\"row-bg\" ><\/div> <\/div><div class=\"row_col_wrap_12_inner col span_12  left\">\n\t<div style=\" color: #00323C;\" class=\"vc_col-sm-12 wpb_column column_container vc_column_container col child_column padding-10-percent inherit_tablet inherit_phone\" data-cfc=\"true\"  data-padding-pos=\"all\" data-has-bg-color=\"false\" data-bg-color=\"\" data-bg-opacity=\"1\" data-animation=\"\" data-delay=\"0\" >\n\t\t<div class=\"vc_column-inner\" >\n\t\t<div class=\"wpb_wrapper\">\n\t\t\t<h1 style=\"font-size: 50px;color: #00323C;line-height: 1.2;text-align: left\" class=\"vc_custom_heading vc_do_custom_heading\" >Articles<\/h1>\n\t\t<\/div> \n\t<\/div>\n\t<\/div> \n<\/div><\/div>\n\t\t\t<\/div> \n\t\t<\/div>\n\t<\/div> \n\n\t<div  class=\"vc_col-sm-6 wpb_column column_container vc_column_container col no-extra-padding inherit_tablet inherit_phone flex_gap_desktop_10px\"  data-padding-pos=\"all\" data-has-bg-color=\"false\" data-bg-color=\"\" data-bg-opacity=\"1\" data-animation=\"\" data-delay=\"0\" >\n\t\t<div class=\"vc_column-inner\" >\n\t\t\t<div class=\"wpb_wrapper\">\n\t\t\t\t\n\t\t\t<\/div> \n\t\t<\/div>\n\t<\/div> \n<\/div><\/div>\n\t\t<div id=\"fws_69e74911a2f98\"  data-column-margin=\"default\" data-midnight=\"dark\" data-top-percent=\"2%\" data-bottom-percent=\"2%\"  class=\"wpb_row vc_row-fluid vc_row full-width-content vc_row-o-equal-height vc_row-flex vc_row-o-content-top\"  style=\"padding-top: calc(100vw * 0.02); padding-bottom: calc(100vw * 0.02); \"><div class=\"row-bg-wrap\" data-bg-animation=\"none\" data-bg-animation-delay=\"\" data-bg-overlay=\"false\"><div class=\"inner-wrap row-bg-layer\" ><div class=\"row-bg viewport-desktop\"  style=\"\"><\/div><\/div><\/div><div class=\"row_col_wrap_12 col span_12 dark left\">\n\t<div  class=\"vc_col-sm-12 wpb_column column_container vc_column_container col padding-10-percent inherit_tablet inherit_phone\"  data-padding-pos=\"left-right\" data-has-bg-color=\"false\" data-bg-color=\"\" data-bg-opacity=\"1\" data-animation=\"\" data-delay=\"0\" >\n\t\t<div class=\"vc_column-inner\" >\n\t\t\t<div class=\"wpb_wrapper\">\n\t\t\t\t\n<div class=\"row\">\n\n <div class=\"post-area col  span_12 col_last masonry auto_meta_overlaid_spaced  infinite_scroll\" data-ams=\"\" data-remove-post-date=\"1\" data-remove-post-author=\"1\" data-remove-post-comment-number=\"1\" data-remove-post-nectar-love=\"1\"> <div class=\"posts-container\" data-load-animation=\"none\">     \n     \n<article id=\"post-1912\" class=\"masonry-blog-item post-1912 post type-post status-publish format-standard has-post-thumbnail category-clanci\">  \n    \n  <div class=\"inner-wrap animated\">\n    \n    <div class=\"post-content\">\n\n      <div class=\"content-inner\">\n        \n        <a class=\"entire-meta-link\" href=\"https:\/\/nexiastar.com\/en\/obracun-godisnjeg-poreza-i-sacinjavanje-poreske-prijave\/\"><span class=\"screen-reader-text\">Calculation of the annual tax and preparation of the tax return<\/span><\/a>\n        \n        <span class=\"post-featured-img\"><img loading=\"lazy\" decoding=\"async\" width=\"777\" height=\"604\" src=\"https:\/\/nexiastar.com\/wp-content\/uploads\/2026\/01\/Untitled22.png\" class=\"attachment-medium_featured size-medium_featured skip-lazy wp-post-image\" alt=\"\" title=\"\" sizes=\"auto, (min-width: 690px) 50vw, 100vw\" srcset=\"https:\/\/nexiastar.com\/wp-content\/uploads\/2026\/01\/Untitled22.png 777w, https:\/\/nexiastar.com\/wp-content\/uploads\/2026\/01\/Untitled22-300x233.png 300w, https:\/\/nexiastar.com\/wp-content\/uploads\/2026\/01\/Untitled22-768x597.png 768w\"><\/span>        \n        <div class=\"article-content-wrap\">\n          \n          <span class=\"meta-category\"><a class=\"clanci\" href=\"https:\/\/nexiastar.com\/en\/category\/clanci\/\">Articles<\/a><\/span>          \n          <div class=\"post-header\">\n            <h3 class=\"title\"><a href=\"https:\/\/nexiastar.com\/en\/obracun-godisnjeg-poreza-i-sacinjavanje-poreske-prijave\/\"> Calculation of the annual tax and preparation of the tax return<\/a><\/h3>\n                      <\/div>\n          \n        <\/div><!--article-content-wrap-->\n        \n      <\/div><!--\/content-inner-->\n        \n    <\/div><!--\/post-content-->\n      \n  <\/div><!--\/inner-wrap-->\n    \n<\/article>     \n     \n<article id=\"post-1910\" class=\"masonry-blog-item post-1910 post type-post status-publish format-standard has-post-thumbnail category-clanci\">  \n    \n  <div class=\"inner-wrap animated\">\n    \n    <div class=\"post-content\">\n\n      <div class=\"content-inner\">\n        \n        <a class=\"entire-meta-link\" href=\"https:\/\/nexiastar.com\/en\/sve-mere-vlade-rs-u-vezi-kredita-za-ocuvanje-likvidnosti-i-paketa-fiskalnih-pogodnosti\/\"><span class=\"screen-reader-text\">All measures of the Government of the RS - regarding loans to preserve liquidity and packages of fiscal benefits<\/span><\/a>\n        \n        <span class=\"post-featured-img\"><img loading=\"lazy\" decoding=\"async\" width=\"800\" height=\"564\" src=\"https:\/\/nexiastar.com\/wp-content\/uploads\/2026\/01\/2-1-800x564.png\" class=\"attachment-medium_featured size-medium_featured skip-lazy wp-post-image\" alt=\"\" title=\"\" sizes=\"auto, (min-width: 690px) 50vw, 100vw\"><\/span>        \n        <div class=\"article-content-wrap\">\n          \n          <span class=\"meta-category\"><a class=\"clanci\" href=\"https:\/\/nexiastar.com\/en\/category\/clanci\/\">Articles<\/a><\/span>          \n          <div class=\"post-header\">\n            <h3 class=\"title\"><a href=\"https:\/\/nexiastar.com\/en\/sve-mere-vlade-rs-u-vezi-kredita-za-ocuvanje-likvidnosti-i-paketa-fiskalnih-pogodnosti\/\"> All measures of the Government of the RS - regarding loans to preserve liquidity and packages of fiscal benefits<\/a><\/h3>\n                      <\/div>\n          \n        <\/div><!--article-content-wrap-->\n        \n      <\/div><!--\/content-inner-->\n        \n    <\/div><!--\/post-content-->\n      \n  <\/div><!--\/inner-wrap-->\n    \n<\/article>     \n     \n<article id=\"post-1908\" class=\"masonry-blog-item post-1908 post type-post status-publish format-standard has-post-thumbnail category-clanci\">  \n    \n  <div class=\"inner-wrap animated\">\n    \n    <div class=\"post-content\">\n\n      <div class=\"content-inner\">\n        \n        <a class=\"entire-meta-link\" href=\"https:\/\/nexiastar.com\/en\/vlada-donela-uredbu-o-pomeranju-brojnih-rokova-koji-se-ticu-finansijskog-izvestavanja\/\"><span class=\"screen-reader-text\">The government passed a decree on the postponement of numerous deadlines regarding financial reporting<\/span><\/a>\n        \n        <span class=\"post-featured-img\"><img loading=\"lazy\" decoding=\"async\" width=\"726\" height=\"433\" src=\"https:\/\/nexiastar.com\/wp-content\/uploads\/2026\/01\/aktuelnosti-1.jpg\" class=\"attachment-medium_featured size-medium_featured skip-lazy wp-post-image\" alt=\"\" title=\"\" sizes=\"auto, (min-width: 690px) 50vw, 100vw\" srcset=\"https:\/\/nexiastar.com\/wp-content\/uploads\/2026\/01\/aktuelnosti-1.jpg 726w, https:\/\/nexiastar.com\/wp-content\/uploads\/2026\/01\/aktuelnosti-1-300x179.jpg 300w\"><\/span>        \n        <div class=\"article-content-wrap\">\n          \n          <span class=\"meta-category\"><a class=\"clanci\" href=\"https:\/\/nexiastar.com\/en\/category\/clanci\/\">Articles<\/a><\/span>          \n          <div class=\"post-header\">\n            <h3 class=\"title\"><a href=\"https:\/\/nexiastar.com\/en\/vlada-donela-uredbu-o-pomeranju-brojnih-rokova-koji-se-ticu-finansijskog-izvestavanja\/\"> The government passed a decree on the postponement of numerous deadlines regarding financial reporting<\/a><\/h3>\n                      <\/div>\n          \n        <\/div><!--article-content-wrap-->\n        \n      <\/div><!--\/content-inner-->\n        \n    <\/div><!--\/post-content-->\n      \n  <\/div><!--\/inner-wrap-->\n    \n<\/article>     \n     \n<article id=\"post-1906\" class=\"masonry-blog-item post-1906 post type-post status-publish format-standard has-post-thumbnail category-clanci\">  \n    \n  <div class=\"inner-wrap animated\">\n    \n    <div class=\"post-content\">\n\n      <div class=\"content-inner\">\n        \n        <a class=\"entire-meta-link\" href=\"https:\/\/nexiastar.com\/en\/podrska-srpske-vlade-privredi-u-borbi-s-posledicama-epidemije-virusa-covid-19\/\"><span class=\"screen-reader-text\">The support of the Serbian Government to the economy in the fight against the consequences of the epidemic of the COVID-19 virus<\/span><\/a>\n        \n        <span class=\"post-featured-img\"><img loading=\"lazy\" decoding=\"async\" width=\"750\" height=\"500\" src=\"https:\/\/nexiastar.com\/wp-content\/uploads\/2026\/01\/mechanical-ventilation_product_pages.jpg\" class=\"attachment-medium_featured size-medium_featured skip-lazy wp-post-image\" alt=\"\" title=\"\" sizes=\"auto, (min-width: 690px) 50vw, 100vw\" srcset=\"https:\/\/nexiastar.com\/wp-content\/uploads\/2026\/01\/mechanical-ventilation_product_pages.jpg 750w, https:\/\/nexiastar.com\/wp-content\/uploads\/2026\/01\/mechanical-ventilation_product_pages-300x200.jpg 300w\"><\/span>        \n        <div class=\"article-content-wrap\">\n          \n          <span class=\"meta-category\"><a class=\"clanci\" href=\"https:\/\/nexiastar.com\/en\/category\/clanci\/\">Articles<\/a><\/span>          \n          <div class=\"post-header\">\n            <h3 class=\"title\"><a href=\"https:\/\/nexiastar.com\/en\/podrska-srpske-vlade-privredi-u-borbi-s-posledicama-epidemije-virusa-covid-19\/\"> The support of the Serbian Government to the economy in the fight against the consequences of the epidemic of the COVID-19 virus<\/a><\/h3>\n                      <\/div>\n          \n        <\/div><!--article-content-wrap-->\n        \n      <\/div><!--\/content-inner-->\n        \n    <\/div><!--\/post-content-->\n      \n  <\/div><!--\/inner-wrap-->\n    \n<\/article>     \n     \n<article id=\"post-1903\" class=\"masonry-blog-item post-1903 post type-post status-publish format-standard has-post-thumbnail category-clanci\">  \n    \n  <div class=\"inner-wrap animated\">\n    \n    <div class=\"post-content\">\n\n      <div class=\"content-inner\">\n        \n        <a class=\"entire-meta-link\" href=\"https:\/\/nexiastar.com\/en\/sta-eksternom-revizoru-znaci-interni-kolega\/\"><span class=\"screen-reader-text\">What does an &quot;internal colleague&quot; mean to an external auditor?\u201e<\/span><\/a>\n        \n        <span class=\"post-featured-img\"><img loading=\"lazy\" decoding=\"async\" width=\"616\" height=\"353\" src=\"https:\/\/nexiastar.com\/wp-content\/uploads\/2026\/01\/0.jpg\" class=\"attachment-medium_featured size-medium_featured skip-lazy wp-post-image\" alt=\"\" title=\"\" sizes=\"auto, (min-width: 690px) 50vw, 100vw\" srcset=\"https:\/\/nexiastar.com\/wp-content\/uploads\/2026\/01\/0.jpg 616w, https:\/\/nexiastar.com\/wp-content\/uploads\/2026\/01\/0-300x172.jpg 300w\"><\/span>        \n        <div class=\"article-content-wrap\">\n          \n          <span class=\"meta-category\"><a class=\"clanci\" href=\"https:\/\/nexiastar.com\/en\/category\/clanci\/\">Articles<\/a><\/span>          \n          <div class=\"post-header\">\n            <h3 class=\"title\"><a href=\"https:\/\/nexiastar.com\/en\/sta-eksternom-revizoru-znaci-interni-kolega\/\"> What does an &quot;internal colleague&quot; mean to an external auditor?\u201e<\/a><\/h3>\n                      <\/div>\n          \n        <\/div><!--article-content-wrap-->\n        \n      <\/div><!--\/content-inner-->\n        \n    <\/div><!--\/post-content-->\n      \n  <\/div><!--\/inner-wrap-->\n    \n<\/article>     \n     \n<article id=\"post-1900\" class=\"masonry-blog-item post-1900 post type-post status-publish format-standard has-post-thumbnail category-clanci\">  \n    \n  <div class=\"inner-wrap animated\">\n    \n    <div class=\"post-content\">\n\n      <div class=\"content-inner\">\n        \n        <a class=\"entire-meta-link\" href=\"https:\/\/nexiastar.com\/en\/posledice-pandemije-rast-ma-aktivnosti-i-konsolidacija\/\"><span class=\"screen-reader-text\">Consequences of the pandemic: Growth in M&amp;A activity and consolidation<\/span><\/a>\n        \n        <span class=\"post-featured-img\"><img loading=\"lazy\" decoding=\"async\" width=\"768\" height=\"500\" src=\"https:\/\/nexiastar.com\/wp-content\/uploads\/2026\/01\/ma-fish.jpg\" class=\"attachment-medium_featured size-medium_featured skip-lazy wp-post-image\" alt=\"\" title=\"\" sizes=\"auto, (min-width: 690px) 50vw, 100vw\" srcset=\"https:\/\/nexiastar.com\/wp-content\/uploads\/2026\/01\/ma-fish.jpg 768w, https:\/\/nexiastar.com\/wp-content\/uploads\/2026\/01\/ma-fish-300x195.jpg 300w\"><\/span>        \n        <div class=\"article-content-wrap\">\n          \n          <span class=\"meta-category\"><a class=\"clanci\" href=\"https:\/\/nexiastar.com\/en\/category\/clanci\/\">Articles<\/a><\/span>          \n          <div class=\"post-header\">\n            <h3 class=\"title\"><a href=\"https:\/\/nexiastar.com\/en\/posledice-pandemije-rast-ma-aktivnosti-i-konsolidacija\/\"> Consequences of the pandemic: Growth in M&amp;A activity and consolidation<\/a><\/h3>\n                      <\/div>\n          \n        <\/div><!--article-content-wrap-->\n        \n      <\/div><!--\/content-inner-->\n        \n    <\/div><!--\/post-content-->\n      \n  <\/div><!--\/inner-wrap-->\n    \n<\/article>     \n     \n<article id=\"post-1896\" class=\"masonry-blog-item post-1896 post type-post status-publish format-standard has-post-thumbnail category-clanci\">  \n    \n  <div class=\"inner-wrap animated\">\n    \n    <div class=\"post-content\">\n\n      <div class=\"content-inner\">\n        \n        <a class=\"entire-meta-link\" href=\"https:\/\/nexiastar.com\/en\/multilateralni-aspekti-obracuna-amortizacije\/\"><span class=\"screen-reader-text\">Multilateral aspects of depreciation calculation<\/span><\/a>\n        \n        <span class=\"post-featured-img\"><img loading=\"lazy\" decoding=\"async\" width=\"768\" height=\"400\" src=\"https:\/\/nexiastar.com\/wp-content\/uploads\/2026\/01\/FAyYhT9I.jpg\" class=\"attachment-medium_featured size-medium_featured skip-lazy wp-post-image\" alt=\"\" title=\"\" sizes=\"auto, (min-width: 690px) 50vw, 100vw\" srcset=\"https:\/\/nexiastar.com\/wp-content\/uploads\/2026\/01\/FAyYhT9I.jpg 768w, https:\/\/nexiastar.com\/wp-content\/uploads\/2026\/01\/FAyYhT9I-300x156.jpg 300w\"><\/span>        \n        <div class=\"article-content-wrap\">\n          \n          <span class=\"meta-category\"><a class=\"clanci\" href=\"https:\/\/nexiastar.com\/en\/category\/clanci\/\">Articles<\/a><\/span>          \n          <div class=\"post-header\">\n            <h3 class=\"title\"><a href=\"https:\/\/nexiastar.com\/en\/multilateralni-aspekti-obracuna-amortizacije\/\"> Multilateral aspects of depreciation calculation<\/a><\/h3>\n                      <\/div>\n          \n        <\/div><!--article-content-wrap-->\n        \n      <\/div><!--\/content-inner-->\n        \n    <\/div><!--\/post-content-->\n      \n  <\/div><!--\/inner-wrap-->\n    \n<\/article>     \n     \n<article id=\"post-1893\" class=\"masonry-blog-item post-1893 post type-post status-publish format-standard has-post-thumbnail category-clanci\">  \n    \n  <div class=\"inner-wrap animated\">\n    \n    <div class=\"post-content\">\n\n      <div class=\"content-inner\">\n        \n        <a class=\"entire-meta-link\" href=\"https:\/\/nexiastar.com\/en\/pandemija-u-kontekstu-finansijskog-izvestavanja-i-izvestaja-revizora\/\"><span class=\"screen-reader-text\">Pandemic in the context of financial reporting and auditor&#039;s report<\/span><\/a>\n        \n        <span class=\"post-featured-img\"><img loading=\"lazy\" decoding=\"async\" width=\"800\" height=\"777\" src=\"https:\/\/nexiastar.com\/wp-content\/uploads\/2026\/01\/11111-1024x777-1-800x777.jpg\" class=\"attachment-medium_featured size-medium_featured skip-lazy wp-post-image\" alt=\"\" title=\"\" sizes=\"auto, (min-width: 690px) 50vw, 100vw\"><\/span>        \n        <div class=\"article-content-wrap\">\n          \n          <span class=\"meta-category\"><a class=\"clanci\" href=\"https:\/\/nexiastar.com\/en\/category\/clanci\/\">Articles<\/a><\/span>          \n          <div class=\"post-header\">\n            <h3 class=\"title\"><a href=\"https:\/\/nexiastar.com\/en\/pandemija-u-kontekstu-finansijskog-izvestavanja-i-izvestaja-revizora\/\"> Pandemic in the context of financial reporting and auditor&#039;s report<\/a><\/h3>\n                      <\/div>\n          \n        <\/div><!--article-content-wrap-->\n        \n      <\/div><!--\/content-inner-->\n        \n    <\/div><!--\/post-content-->\n      \n  <\/div><!--\/inner-wrap-->\n    \n<\/article>     \n     \n<article id=\"post-1889\" class=\"masonry-blog-item post-1889 post type-post status-publish format-standard has-post-thumbnail category-clanci\">  \n    \n  <div class=\"inner-wrap animated\">\n    \n    <div class=\"post-content\">\n\n      <div class=\"content-inner\">\n        \n        <a class=\"entire-meta-link\" href=\"https:\/\/nexiastar.com\/en\/indirektna-pomoc-vasem-sistemu-internih-kontrola\/\"><span class=\"screen-reader-text\">Indirect help to your system of internal controls<\/span><\/a>\n        \n        <span class=\"post-featured-img\"><img loading=\"lazy\" decoding=\"async\" width=\"476\" height=\"315\" src=\"https:\/\/nexiastar.com\/wp-content\/uploads\/2026\/01\/112211.jpg\" class=\"attachment-medium_featured size-medium_featured skip-lazy wp-post-image\" alt=\"\" title=\"\" sizes=\"auto, (min-width: 690px) 50vw, 100vw\" srcset=\"https:\/\/nexiastar.com\/wp-content\/uploads\/2026\/01\/112211.jpg 476w, https:\/\/nexiastar.com\/wp-content\/uploads\/2026\/01\/112211-300x199.jpg 300w\"><\/span>        \n        <div class=\"article-content-wrap\">\n          \n          <span class=\"meta-category\"><a class=\"clanci\" href=\"https:\/\/nexiastar.com\/en\/category\/clanci\/\">Articles<\/a><\/span>          \n          <div class=\"post-header\">\n            <h3 class=\"title\"><a href=\"https:\/\/nexiastar.com\/en\/indirektna-pomoc-vasem-sistemu-internih-kontrola\/\"> Indirect help to your system of internal controls<\/a><\/h3>\n                      <\/div>\n          \n        <\/div><!--article-content-wrap-->\n        \n      <\/div><!--\/content-inner-->\n        \n    <\/div><!--\/post-content-->\n      \n  <\/div><!--\/inner-wrap-->\n    \n<\/article>     \n     \n<article id=\"post-1887\" class=\"masonry-blog-item post-1887 post type-post status-publish format-standard has-post-thumbnail category-clanci\">  \n    \n  <div class=\"inner-wrap animated\">\n    \n    <div class=\"post-content\">\n\n      <div class=\"content-inner\">\n        \n        <a class=\"entire-meta-link\" href=\"https:\/\/nexiastar.com\/en\/zajednicki-imenitelj-zakona-o-racunovodstvu-i-zakona-o-reviziji-insistiranje-na-edukaciji\/\"><span class=\"screen-reader-text\">The common denominator of the Law on Accounting and the Law on Auditing: Insistence on education<\/span><\/a>\n        \n        <span class=\"post-featured-img\"><img loading=\"lazy\" decoding=\"async\" width=\"225\" height=\"150\" src=\"https:\/\/nexiastar.com\/wp-content\/uploads\/2026\/01\/clanak-ruzica-6-e1583309903828.jpg\" class=\"attachment-medium_featured size-medium_featured skip-lazy wp-post-image\" alt=\"\" title=\"\" sizes=\"auto, (min-width: 690px) 50vw, 100vw\"><\/span>        \n        <div class=\"article-content-wrap\">\n          \n          <span class=\"meta-category\"><a class=\"clanci\" href=\"https:\/\/nexiastar.com\/en\/category\/clanci\/\">Articles<\/a><\/span>          \n          <div class=\"post-header\">\n            <h3 class=\"title\"><a href=\"https:\/\/nexiastar.com\/en\/zajednicki-imenitelj-zakona-o-racunovodstvu-i-zakona-o-reviziji-insistiranje-na-edukaciji\/\"> The common denominator of the Law on Accounting and the Law on Auditing: Insistence on education<\/a><\/h3>\n                      <\/div>\n          \n        <\/div><!--article-content-wrap-->\n        \n      <\/div><!--\/content-inner-->\n        \n    <\/div><!--\/post-content-->\n      \n  <\/div><!--\/inner-wrap-->\n    \n<\/article>     \n     \n<article id=\"post-1880\" class=\"masonry-blog-item post-1880 post type-post status-publish format-standard has-post-thumbnail category-clanci\">  \n    \n  <div class=\"inner-wrap animated\">\n    \n    <div class=\"post-content\">\n\n      <div class=\"content-inner\">\n        \n        <a class=\"entire-meta-link\" href=\"https:\/\/nexiastar.com\/en\/prihod-nekada-i-sada-zamenimo-strah-i-paniku-sa-znanjem\/\"><span class=\"screen-reader-text\">Income: Then and now. Let&#039;s replace fear and panic with knowledge<\/span><\/a>\n        \n        <span class=\"post-featured-img\"><img loading=\"lazy\" decoding=\"async\" width=\"543\" height=\"344\" src=\"https:\/\/nexiastar.com\/wp-content\/uploads\/2026\/01\/clanak-ruzica-2.jpg\" class=\"attachment-medium_featured size-medium_featured skip-lazy wp-post-image\" alt=\"\" title=\"\" sizes=\"auto, (min-width: 690px) 50vw, 100vw\" srcset=\"https:\/\/nexiastar.com\/wp-content\/uploads\/2026\/01\/clanak-ruzica-2.jpg 543w, https:\/\/nexiastar.com\/wp-content\/uploads\/2026\/01\/clanak-ruzica-2-300x190.jpg 300w\"><\/span>        \n        <div class=\"article-content-wrap\">\n          \n          <span class=\"meta-category\"><a class=\"clanci\" href=\"https:\/\/nexiastar.com\/en\/category\/clanci\/\">Articles<\/a><\/span>          \n          <div class=\"post-header\">\n            <h3 class=\"title\"><a href=\"https:\/\/nexiastar.com\/en\/prihod-nekada-i-sada-zamenimo-strah-i-paniku-sa-znanjem\/\"> Income: Then and now. Let&#039;s replace fear and panic with knowledge<\/a><\/h3>\n                      <\/div>\n          \n        <\/div><!--article-content-wrap-->\n        \n      <\/div><!--\/content-inner-->\n        \n    <\/div><!--\/post-content-->\n      \n  <\/div><!--\/inner-wrap-->\n    \n<\/article>     \n     \n<article id=\"post-1862\" class=\"masonry-blog-item post-1862 post type-post status-publish format-standard has-post-thumbnail category-clanci\">  \n    \n  <div class=\"inner-wrap animated\">\n    \n    <div class=\"post-content\">\n\n      <div class=\"content-inner\">\n        \n        <a class=\"entire-meta-link\" href=\"https:\/\/nexiastar.com\/en\/ring-it-vs-pausalci-nova-runda-sta-nam-donose-izmene-zakona\/\"><span class=\"screen-reader-text\">Ring: IT vs lump sums - new round. What do the amendments to the Law bring us?<\/span><\/a>\n        \n        <span class=\"post-featured-img\"><img loading=\"lazy\" decoding=\"async\" width=\"800\" height=\"600\" src=\"https:\/\/nexiastar.com\/wp-content\/uploads\/2026\/01\/0-3-1024x600-1-800x600.jpg\" class=\"attachment-medium_featured size-medium_featured skip-lazy wp-post-image\" alt=\"\" title=\"\" sizes=\"auto, (min-width: 690px) 50vw, 100vw\"><\/span>        \n        <div class=\"article-content-wrap\">\n          \n          <span class=\"meta-category\"><a class=\"clanci\" href=\"https:\/\/nexiastar.com\/en\/category\/clanci\/\">Articles<\/a><\/span>          \n          <div class=\"post-header\">\n            <h3 class=\"title\"><a href=\"https:\/\/nexiastar.com\/en\/ring-it-vs-pausalci-nova-runda-sta-nam-donose-izmene-zakona\/\"> Ring: IT vs lump sums - new round. What do the amendments to the Law bring us?<\/a><\/h3>\n                      <\/div>\n          \n        <\/div><!--article-content-wrap-->\n        \n      <\/div><!--\/content-inner-->\n        \n    <\/div><!--\/post-content-->\n      \n  <\/div><!--\/inner-wrap-->\n    \n<\/article>    \n    <\/div><!--\/posts container-->\n    \n      \n<\/div><!--\/post area-->\n\n  \n\n<\/div>\n\n\n\t\t\t<\/div> \n\t\t<\/div>\n\t<\/div> \n<\/div><\/div>","protected":false},"excerpt":{"rendered":"Izmene Zakona o porezu na dohodak gra\u0111ana i Zakona o doprinosima za obavezno socijalno osiguranje, koje su stupile na snagu od 1. januara 2020. godine u su\u0161tini zna\u010de slede\u0107e: Ukoliko...","protected":false},"author":2,"featured_media":0,"parent":0,"menu_order":0,"comment_status":"closed","ping_status":"closed","template":"","meta":{"footnotes":""},"class_list":["post-1675","page","type-page","status-publish"],"_links":{"self":[{"href":"https:\/\/nexiastar.com\/en\/wp-json\/wp\/v2\/pages\/1675","targetHints":{"allow":["GET"]}}],"collection":[{"href":"https:\/\/nexiastar.com\/en\/wp-json\/wp\/v2\/pages"}],"about":[{"href":"https:\/\/nexiastar.com\/en\/wp-json\/wp\/v2\/types\/page"}],"author":[{"embeddable":true,"href":"https:\/\/nexiastar.com\/en\/wp-json\/wp\/v2\/users\/2"}],"replies":[{"embeddable":true,"href":"https:\/\/nexiastar.com\/en\/wp-json\/wp\/v2\/comments?post=1675"}],"version-history":[{"count":6,"href":"https:\/\/nexiastar.com\/en\/wp-json\/wp\/v2\/pages\/1675\/revisions"}],"predecessor-version":[{"id":1860,"href":"https:\/\/nexiastar.com\/en\/wp-json\/wp\/v2\/pages\/1675\/revisions\/1860"}],"wp:attachment":[{"href":"https:\/\/nexiastar.com\/en\/wp-json\/wp\/v2\/media?parent=1675"}],"curies":[{"name":"wp","href":"https:\/\/api.w.org\/{rel}","templated":true}]}}