{"id":1704,"date":"2025-12-25T18:18:27","date_gmt":"2025-12-25T17:18:27","guid":{"rendered":"https:\/\/dev.nexiastar.com\/?page_id=1704"},"modified":"2025-12-30T19:18:50","modified_gmt":"2025-12-30T18:18:50","slug":"use-of-cookies","status":"publish","type":"page","link":"https:\/\/nexiastar.com\/en\/koriscenje-kolacica\/","title":{"rendered":"Cookies"},"content":{"rendered":"<div id=\"fws_69e73940dbc96\"  data-column-margin=\"default\" data-midnight=\"dark\" data-top-percent=\"10%\"  class=\"wpb_row vc_row-fluid vc_row full-width-section\"  style=\"padding-top: calc(100vw * 0.10); padding-bottom: 0px; \"><div class=\"row-bg-wrap\" data-bg-animation=\"none\" data-bg-animation-delay=\"\" data-bg-overlay=\"false\"><div class=\"inner-wrap row-bg-layer using-image\" ><div class=\"row-bg viewport-desktop using-image\"  style=\"background-image: url(https:\/\/nexiastar.com\/wp-content\/uploads\/2025\/12\/2023-08-FEATURE-IMG1-1.jpg); background-position: center center; background-repeat: no-repeat; \"><\/div><\/div><\/div><div class=\"row_col_wrap_12 col span_12 dark left\">\n\t<div style=\" color: #00323C;\" class=\"vc_col-sm-6 hero-box wpb_column column_container vc_column_container col no-extra-padding inherit_tablet inherit_phone tr_br_40px\" data-cfc=\"true\" data-using-bg=\"true\" data-padding-pos=\"all\" data-has-bg-color=\"true\" data-bg-color=\"#FFFFFF\" data-bg-opacity=\"1\" data-animation=\"\" data-delay=\"0\" >\n\t\t<div class=\"vc_column-inner\" ><div class=\"column-bg-overlay-wrap column-bg-layer\" data-bg-animation=\"none\"><div class=\"column-bg-overlay\" style=\"opacity: 1; background-color: #FFFFFF;\"><\/div><\/div>\n\t\t\t<div class=\"wpb_wrapper\">\n\t\t\t\t<div id=\"fws_69e73940dbf86\" data-midnight=\"\" data-column-margin=\"default\" class=\"wpb_row vc_row-fluid vc_row inner_row\"  style=\"\"><div class=\"row-bg-wrap\"> <div class=\"row-bg\" ><\/div> <\/div><div class=\"row_col_wrap_12_inner col span_12  left\">\n\t<div style=\" color: #00323C;\" class=\"vc_col-sm-12 wpb_column column_container vc_column_container col child_column padding-10-percent inherit_tablet inherit_phone\" data-cfc=\"true\"  data-padding-pos=\"all\" data-has-bg-color=\"false\" data-bg-color=\"\" data-bg-opacity=\"1\" data-animation=\"\" data-delay=\"0\" >\n\t\t<div class=\"vc_column-inner\" >\n\t\t<div class=\"wpb_wrapper\">\n\t\t\t<h1 style=\"font-size: 50px;color: #00323C;line-height: 1.2;text-align: left\" class=\"vc_custom_heading vc_do_custom_heading\" >Cookies<\/h1>\n\t\t<\/div> \n\t<\/div>\n\t<\/div> \n<\/div><\/div>\n\t\t\t<\/div> \n\t\t<\/div>\n\t<\/div> \n\n\t<div  class=\"vc_col-sm-6 wpb_column column_container vc_column_container col no-extra-padding inherit_tablet inherit_phone flex_gap_desktop_10px\"  data-padding-pos=\"all\" data-has-bg-color=\"false\" data-bg-color=\"\" data-bg-opacity=\"1\" data-animation=\"\" data-delay=\"0\" >\n\t\t<div class=\"vc_column-inner\" >\n\t\t\t<div class=\"wpb_wrapper\">\n\t\t\t\t\n\t\t\t<\/div> \n\t\t<\/div>\n\t<\/div> \n<\/div><\/div>\n\t\t<div id=\"fws_69e73940dc392\"  data-column-margin=\"default\" data-midnight=\"dark\" data-top-percent=\"2%\" data-bottom-percent=\"2%\"  class=\"wpb_row vc_row-fluid vc_row\"  style=\"padding-top: calc(100vw * 0.02); padding-bottom: calc(100vw * 0.02); \"><div class=\"row-bg-wrap\" data-bg-animation=\"none\" data-bg-animation-delay=\"\" data-bg-overlay=\"false\"><div class=\"inner-wrap row-bg-layer\" ><div class=\"row-bg viewport-desktop\"  style=\"\"><\/div><\/div><\/div><div class=\"row_col_wrap_12 col span_12 dark left\">\n\t<div  class=\"vc_col-sm-12 wpb_column column_container vc_column_container col no-extra-padding inherit_tablet inherit_phone flex_gap_desktop_10px\"  data-padding-pos=\"all\" data-has-bg-color=\"false\" data-bg-color=\"\" data-bg-opacity=\"1\" data-animation=\"\" data-delay=\"0\" >\n\t\t<div class=\"vc_column-inner\" >\n\t\t\t<div class=\"wpb_wrapper\">\n\t\t\t\t\n<div class=\"wpb_text_column wpb_content_element\" >\n\t<p>This site may use cookies, and this section provides information on how they are used and how you can control whether they are stored or deleted.<\/p>\n<p>Information transferred from a site to your computer&#039;s hard drive is called &quot;cookies&quot;. These are not computer programs, but small informational files that allow websites to store and use information about how the user visits them.<\/p>\n<p>Most sites use cookies because they are part of a set of tools that make it easier for users to use the Internet. Cookies allow websites to provide personalized services (for example, by remembering login details, saving products in the basket or displaying relevant content).<\/p>\n<p>There are several types of cookies: temporary cookies (or session cookies) are deleted when the browser is turned off; persistent cookies are not deleted automatically, but remain until they are purposefully deleted or until they expire (which depends on the expiration date the site programmed the cookie).<\/p>\n<p>Most browsers are set to automatically accept cookies. You can disable cookies in your browser, but remember that in this case you may be deprived of many functions needed for the site to work properly. For more detailed information about cookies, visit www.aboutcookies.org, which contains detailed and independent information on how to disable cookies in your browser settings and how to delete cookies already present on your computer.<\/p>\n<\/div>\n\n\n\n\n\t\t\t<\/div> \n\t\t<\/div>\n\t<\/div> \n<\/div><\/div>","protected":false},"excerpt":{"rendered":"Kori\u0161\u0107enje kola\u010di\u0107a Ovaj sajt mo\u017ee da koristi kola\u010di\u0107e, a ovaj odeljak pru\u017ea informacije o tome kako se oni koriste i kako mo\u017ee\u0161 da kontroli\u0161e\u0161 da li se oni \u010duvaju ili...","protected":false},"author":2,"featured_media":0,"parent":0,"menu_order":0,"comment_status":"closed","ping_status":"closed","template":"","meta":{"footnotes":""},"class_list":["post-1704","page","type-page","status-publish"],"_links":{"self":[{"href":"https:\/\/nexiastar.com\/en\/wp-json\/wp\/v2\/pages\/1704","targetHints":{"allow":["GET"]}}],"collection":[{"href":"https:\/\/nexiastar.com\/en\/wp-json\/wp\/v2\/pages"}],"about":[{"href":"https:\/\/nexiastar.com\/en\/wp-json\/wp\/v2\/types\/page"}],"author":[{"embeddable":true,"href":"https:\/\/nexiastar.com\/en\/wp-json\/wp\/v2\/users\/2"}],"replies":[{"embeddable":true,"href":"https:\/\/nexiastar.com\/en\/wp-json\/wp\/v2\/comments?post=1704"}],"version-history":[{"count":2,"href":"https:\/\/nexiastar.com\/en\/wp-json\/wp\/v2\/pages\/1704\/revisions"}],"predecessor-version":[{"id":1785,"href":"https:\/\/nexiastar.com\/en\/wp-json\/wp\/v2\/pages\/1704\/revisions\/1785"}],"wp:attachment":[{"href":"https:\/\/nexiastar.com\/en\/wp-json\/wp\/v2\/media?parent=1704"}],"curies":[{"name":"wp","href":"https:\/\/api.w.org\/{rel}","templated":true}]}}