{"id":1801,"date":"2026-01-12T22:00:52","date_gmt":"2026-01-12T21:00:52","guid":{"rendered":"https:\/\/dev.nexiastar.com\/?page_id=1801"},"modified":"2026-01-28T23:57:25","modified_gmt":"2026-01-28T22:57:25","slug":"founders-word","status":"publish","type":"page","link":"https:\/\/nexiastar.com\/en\/rec-osnivaca\/","title":{"rendered":"Founder&#039;s word"},"content":{"rendered":"<div id=\"fws_69e748265b981\"  data-column-margin=\"default\" data-midnight=\"dark\" data-top-percent=\"10%\"  class=\"wpb_row vc_row-fluid vc_row full-width-section\"  style=\"padding-top: calc(100vw * 0.10); padding-bottom: 0px; \"><div class=\"row-bg-wrap\" data-bg-animation=\"none\" data-bg-animation-delay=\"\" data-bg-overlay=\"false\"><div class=\"inner-wrap row-bg-layer using-image\" ><div class=\"row-bg viewport-desktop using-image\"  style=\"background-image: url(https:\/\/nexiastar.com\/wp-content\/uploads\/2025\/12\/2023-08-FEATURE-IMG1-1.jpg); background-position: center center; background-repeat: no-repeat; \"><\/div><\/div><\/div><div class=\"row_col_wrap_12 col span_12 dark left\">\n\t<div style=\" color: #00323C;\" class=\"vc_col-sm-6 hero-box wpb_column column_container vc_column_container col no-extra-padding inherit_tablet inherit_phone tr_br_40px\" data-cfc=\"true\" data-using-bg=\"true\" data-padding-pos=\"all\" data-has-bg-color=\"true\" data-bg-color=\"#FFFFFF\" data-bg-opacity=\"1\" data-animation=\"\" data-delay=\"0\" >\n\t\t<div class=\"vc_column-inner\" ><div class=\"column-bg-overlay-wrap column-bg-layer\" data-bg-animation=\"none\"><div class=\"column-bg-overlay\" style=\"opacity: 1; background-color: #FFFFFF;\"><\/div><\/div>\n\t\t\t<div class=\"wpb_wrapper\">\n\t\t\t\t<div id=\"fws_69e748265bc5d\" data-midnight=\"\" data-column-margin=\"default\" class=\"wpb_row vc_row-fluid vc_row inner_row\"  style=\"\"><div class=\"row-bg-wrap\"> <div class=\"row-bg\" ><\/div> <\/div><div class=\"row_col_wrap_12_inner col span_12  left\">\n\t<div style=\" color: #00323C;\" class=\"vc_col-sm-12 wpb_column column_container vc_column_container col child_column padding-10-percent inherit_tablet inherit_phone\" data-cfc=\"true\"  data-padding-pos=\"all\" data-has-bg-color=\"false\" data-bg-color=\"\" data-bg-opacity=\"1\" data-animation=\"\" data-delay=\"0\" >\n\t\t<div class=\"vc_column-inner\" >\n\t\t<div class=\"wpb_wrapper\">\n\t\t\t<h1 style=\"font-size: 50px;color: #00323C;line-height: 1.2;text-align: left\" class=\"vc_custom_heading vc_do_custom_heading\" >Founder&#039;s word<\/h1>\n\t\t<\/div> \n\t<\/div>\n\t<\/div> \n<\/div><\/div>\n\t\t\t<\/div> \n\t\t<\/div>\n\t<\/div> \n\n\t<div  class=\"vc_col-sm-6 wpb_column column_container vc_column_container col no-extra-padding inherit_tablet inherit_phone flex_gap_desktop_10px\"  data-padding-pos=\"all\" data-has-bg-color=\"false\" data-bg-color=\"\" data-bg-opacity=\"1\" data-animation=\"\" data-delay=\"0\" >\n\t\t<div class=\"vc_column-inner\" >\n\t\t\t<div class=\"wpb_wrapper\">\n\t\t\t\t\n\t\t\t<\/div> \n\t\t<\/div>\n\t<\/div> \n<\/div><\/div>\n\t\t<div id=\"fws_69e748265c05f\"  data-column-margin=\"default\" data-midnight=\"dark\" data-top-percent=\"2%\" data-bottom-percent=\"1%\"  class=\"wpb_row vc_row-fluid vc_row full-width-section  top_padding_phone_8pct\"  style=\"padding-top: calc(100vw * 0.02); padding-bottom: calc(100vw * 0.01); \"><div class=\"row-bg-wrap\" data-bg-animation=\"none\" data-bg-animation-delay=\"\" data-bg-overlay=\"false\"><div class=\"inner-wrap row-bg-layer\" ><div class=\"row-bg viewport-desktop\"  style=\"\"><\/div><\/div><\/div><div class=\"row_col_wrap_12 col span_12 dark left\">\n\t<div  class=\"vc_col-sm-12 wpb_column column_container vc_column_container col no-extra-padding inherit_tablet inherit_phone\"  data-padding-pos=\"all\" data-has-bg-color=\"false\" data-bg-color=\"\" data-bg-opacity=\"1\" data-animation=\"\" data-delay=\"0\" >\n\t\t<div class=\"vc_column-inner\" >\n\t\t\t<div class=\"wpb_wrapper\">\n\t\t\t\t<h2 style=\"font-size: 28px;color: #00323C;line-height: 1.2;text-align: left\" class=\"vc_custom_heading vc_do_custom_heading\" >Add color to auditing<\/h2><div class=\"nectar-responsive-text font_size_desktop_18px font_line_height_1-2 nectar-link-underline-effect\" style=\"color: #00323C;\"><p>Our businessmen often perceive auditing as a regular systematic review, a necessary evil, and auditors as people who make a series of ridiculous demands. Diego Simeone of financial reporting - it is an auditor, that is, it can and should be. The auditor has the experience, knowledge and breadth to unify and harmonize the work achievements of all closely specialized participants in the preparation of financial reports, and his preventive role is usually much more useful and widely socially responsible, which, unfortunately, is not recognized by many company owners and directors.<\/p>\n<p>The most precious part of the necessary visit to the doctor refers to his final sentences after the examination. I don&#039;t mean a prescribed therapy, nor a polite goodbye, but recommendations on what to do in order to prevent the same health problem in the future: physical activity, regular sleep, healthy diet, plenty of desirable liquids for the palate... This already belongs to a lifestyle, which is difficult to change and requires dedication, and often additional professional help. But, every effort in this regard pays off in many ways, more precisely - it pays off over the years.<\/p>\n<p>All with the imperative to comply with the requirements of the law regarding the mandatory audit. As a car enthusiast, I can identify this with the heresies spread among drivers, who perceive their relationship with the car, traffic conditions and their own impulses, exclusively as a matter of daily routine.<\/p>\n<\/div><div id=\"fws_69e748265c470\" data-midnight=\"\" data-column-margin=\"default\" class=\"wpb_row vc_row-fluid vc_row inner_row\"  style=\"\"><div class=\"row-bg-wrap\"> <div class=\"row-bg\" ><\/div> <\/div><div class=\"row_col_wrap_12_inner col span_12  left\">\n\t<div  class=\"vc_col-sm-6 wpb_column column_container vc_column_container col child_column no-extra-padding inherit_tablet inherit_phone flex_gap_desktop_10px\"   data-padding-pos=\"all\" data-has-bg-color=\"false\" data-bg-color=\"\" data-bg-opacity=\"1\" data-animation=\"\" data-delay=\"0\" >\n\t\t<div class=\"vc_column-inner\" >\n\t\t<div class=\"wpb_wrapper\">\n\t\t\t<div class=\"nectar-responsive-text font_size_desktop_18px font_line_height_1-2 nectar-link-underline-effect\" style=\"color: #00323C;\"><h2><strong>What chances are we missing to make this short dream (life) a fuller experience?!<\/strong><\/h2>\n<p>Add color to the review, it&#039;s not a black and white picture with minimal movement on the screen, don&#039;t reduce the review to a &quot;post festum&quot; act and prescribed therapy. Use auditors to improve your overall business style and ride through a business environment in business class.<\/p>\n<h2><strong>Unifier of different knowledge<\/strong><\/h2>\n<p>Public interest companies operate under the rather watchful eye of various regulatory bodies, and I would not like to talk about them in detail on this occasion. However, companies with a simpler and more centralized ownership structure, usually limited liability companies, can be very interesting for auditors. In fact, this interest has all the prerequisites to be mutual.<\/p>\n<\/div>\n\t\t<\/div> \n\t<\/div>\n\t<\/div> \n\n\t<div  class=\"vc_col-sm-6 wpb_column column_container vc_column_container col child_column padding-2-percent inherit_tablet inherit_phone\"   data-padding-pos=\"left\" data-has-bg-color=\"false\" data-bg-color=\"\" data-bg-opacity=\"1\" data-animation=\"\" data-delay=\"0\" >\n\t\t<div class=\"vc_column-inner\" >\n\t\t<div class=\"wpb_wrapper\">\n\t\t\t<div class=\"img-with-aniamtion-wrap  tl_br_40px br_br_40px\" data-max-width=\"100%\" data-max-width-mobile=\"default\" data-border-radius=\"custom\" data-shadow=\"none\" data-animation=\"none\" >\n      <div class=\"inner\">\n        <div class=\"hover-wrap\"> \n          <div class=\"hover-wrap-inner\">\n            <img loading=\"lazy\" decoding=\"async\" class=\"img-with-animation skip-lazy\" data-delay=\"0\" height=\"272\" width=\"342\" data-animation=\"none\" src=\"https:\/\/nexiastar.com\/wp-content\/uploads\/2025\/12\/zvezdan-bozinovic-1-1.jpg\" alt=\"\" srcset=\"https:\/\/nexiastar.com\/wp-content\/uploads\/2025\/12\/zvezdan-bozinovic-1-1.jpg 342w, https:\/\/nexiastar.com\/wp-content\/uploads\/2025\/12\/zvezdan-bozinovic-1-1-300x239.jpg 300w\" sizes=\"auto, (max-width: 342px) 100vw, 342px\">\n          <\/div>\n        <\/div>\n        \n      <\/div>\n    <\/div><div class=\"nectar-responsive-text font_size_desktop_18px font_line_height_1-2 nectar-link-underline-effect\" style=\"color: #00323C;\"><p>Zvezdan Bo\u017einovi\u0107<\/p>\n<\/div>\n\t\t<\/div> \n\t<\/div>\n\t<\/div> \n<\/div><\/div><div class=\"nectar-responsive-text font_size_desktop_18px font_line_height_1-2 nectar-link-underline-effect\" style=\"color: #00323C;\"><p>In situations where the capital owner is, at the same time, most directly involved in the business and as a director, his knowledge and experience in the fields of economics and accounting are very important. And that very request can be quite delicate. It is logical for a pharmacist to start trading in pharmaceutical products, for an electrical engineer to register, for example, a Siemens agency, and for a talented journalist to start a publishing company. You will agree that in the sea of their sweat shed during education for the needs of the future profession, there is not even a drop that was shed to acquire knowledge about financial reporting.<\/p>\n<p>Auditors are also highly educated persons who spend their working life in contact with people of different professional orientations and are familiar with the basics of business in the most diverse industries. Thanks to this, they also gain a huge breadth in understanding problems in everyday business, which company owners and directors are often not up to because during their formal education they did not have the opportunity to learn more about accounting issues. Here, the auditor assumes the role of an expert translator into a language that is &quot;digestible&quot; to business owners from any profession.<\/p>\n<p>Even in the previous period, financial reports were not a kind of statement of the accounting sector in the company, although they were perceived as such, especially not at the time of application of the International Financial Reporting Standards (IFRS). Namely, the financial reports are a statement of the company&#039;s management, i.e. a series of assertions behind which the management stands by law, and they refer not only to the accounting aspect of the report, but to the wider business and future plans, which are reflected in the company&#039;s financial position. So, financial reports are increasingly the result of multidisciplinary work by management, accountants, appraisers, lawyers, brokers, actuaries, and even experts specialized in other areas, depending on the company&#039;s activities.<\/p>\n<p>The auditor has the experience, knowledge and breadth to consolidate and harmonize the work achievements of all these narrowly specialized participants in the preparation of financial statements. Diego Simeone of financial reporting - it is an auditor, that is, it can and should be. In cases where the auditor participates in the preparation of financial statements, he cannot perform their audit, but his preventive role is, most often, much more useful and widely socially responsible, which, unfortunately, is not recognized by many company owners and directors.<\/p>\n<\/div><div class=\"nectar-responsive-text font_size_desktop_18px font_line_height_1-2 nectar-link-underline-effect\" style=\"color: #00323C;\"><h2><strong>Born for much more<\/strong><\/h2>\n<p>Furthermore, in the age of digital technologies, we are inundated with news about numerous frauds in the business operations of companies with the aim of obtaining illegal profits from dishonest actors in the market. Therefore, internal controls in companies are becoming more and more important in order to prevent illegal actions. But there is no force in this world, nor such a perfectly designed internal control system that would eliminate this risk. Perfect internal control is an ideal to strive for, something like faithfulness in love.<\/p>\n<p>Again, I cannot think of a more competent person than the auditor, who would be able to participate in the creation and unification of the procedures, which would also be the result of a &quot;joint venture&quot; involving experts of various profiles.<\/p>\n<p>Unnecessary procedures, in the end, increase the company&#039;s business expenses and reduce its competitiveness, while the absence of necessary procedures significantly increases the risk of illegal actions to the detriment of the company. The auditor is precisely the person who is able to find the right measure and extent of internal controls, to estimate how many kilograms that Russian ballerina walking on the tightrope should weigh without falling from a height.<\/p>\n<p>Another area in which the auditor&#039;s support is necessary and insufficiently recognized is the harmonization of our regulations with the regulations applied in EU countries. In the process, we remain &quot;lost in translation&quot; in many areas, and when it comes to applying IFRS, an additional difficulty is that these standards are subject to frequent changes.<\/p>\n<p>As many accountants are not very talented in languages, companies often find themselves in a situation where, according to our law, they have to apply the standards of this &quot;accounting Bible&quot; which was originally written in English, and the official translations into Serbian language are dramatically delayed. If the company were to hire an expert with a certified auditor&#039;s license, who is up-to-date with all IFRS changes and doesn&#039;t shy away from Anglo-Saxon vocabulary, it would have a huge advantage over the competition.<\/p>\n<p>Auditors are available at every location in Serbia because they constantly travel, continuously gain experience by encountering different situations and problems in everyday business and have the privilege of learning from the best experts, whom few of the owners and directors of domestic companies have the opportunity to meet. But, therefore, they can use the auditor&#039;s knowledge for the benefit of their company. The first step is to realize that an auditor was not born to only audit financial statements.<\/p>\n<\/div><div id=\"fws_69e748265cc8d\" data-midnight=\"\" data-column-margin=\"default\" class=\"wpb_row vc_row-fluid vc_row inner_row  reverse_columns_column_phone\"  style=\"\"><div class=\"row-bg-wrap\"> <div class=\"row-bg\" ><\/div> <\/div><div class=\"row_col_wrap_12_inner col span_12  left\">\n\t<div  class=\"vc_col-sm-3 wpb_column column_container vc_column_container col child_column no-extra-padding inherit_tablet inherit_phone flex_gap_desktop_10px\"   data-padding-pos=\"all\" data-has-bg-color=\"false\" data-bg-color=\"\" data-bg-opacity=\"1\" data-animation=\"\" data-delay=\"0\" >\n\t\t<div class=\"vc_column-inner\" >\n\t\t<div class=\"wpb_wrapper\">\n\t\t\t\n\t\t<\/div> \n\t<\/div>\n\t<\/div> \n\n\t<div  class=\"vc_col-sm-3 wpb_column column_container vc_column_container col child_column padding-2-percent inherit_tablet inherit_phone\"   data-padding-pos=\"left\" data-has-bg-color=\"false\" data-bg-color=\"\" data-bg-opacity=\"1\" data-animation=\"\" data-delay=\"0\" >\n\t\t<div class=\"vc_column-inner\" >\n\t\t<div class=\"wpb_wrapper\">\n\t\t\t\n\t\t<\/div> \n\t<\/div>\n\t<\/div> \n\n\t<div  class=\"vc_col-sm-3 wpb_column column_container vc_column_container col child_column no-extra-padding inherit_tablet inherit_phone flex_gap_desktop_10px\"   data-padding-pos=\"all\" data-has-bg-color=\"false\" data-bg-color=\"\" data-bg-opacity=\"1\" data-animation=\"\" data-delay=\"0\" >\n\t\t<div class=\"vc_column-inner\" >\n\t\t<div class=\"wpb_wrapper\">\n\t\t\t\n\t\t<\/div> \n\t<\/div>\n\t<\/div> \n\n\t<div  class=\"vc_col-sm-3 wpb_column column_container vc_column_container col child_column no-extra-padding column_element_direction_phone_horizontal inherit_tablet inherit_phone\"   data-padding-pos=\"all\" data-has-bg-color=\"false\" data-bg-color=\"\" data-bg-opacity=\"1\" data-animation=\"\" data-delay=\"0\" >\n\t\t<div class=\"vc_column-inner\" >\n\t\t<div class=\"wpb_wrapper\">\n\t\t\t<div class=\"img-with-aniamtion-wrap  custom-size tl_br_40px br_br_40px\" data-max-width=\"100%\" data-max-width-mobile=\"default\" data-border-radius=\"custom\" data-shadow=\"none\" data-animation=\"none\" >\n      <div class=\"inner\">\n        <div class=\"hover-wrap\"> \n          <div class=\"hover-wrap-inner\">\n            <img loading=\"lazy\" decoding=\"async\" class=\"img-with-animation skip-lazy\" data-delay=\"0\" height=\"87\" width=\"300\" data-animation=\"none\" src=\"https:\/\/nexiastar.com\/wp-content\/uploads\/2026\/01\/potpis-300x87-1.png\" alt=\"\">\n          <\/div>\n        <\/div>\n        \n      <\/div>\n    <\/div>\n\t\t<\/div> \n\t<\/div>\n\t<\/div> \n<\/div><\/div>\n\t\t\t<\/div> \n\t\t<\/div>\n\t<\/div> \n<\/div><\/div>","protected":false},"excerpt":{"rendered":"Re\u010d osniva\u010da Dodajte reviziji bojuNa\u0161i privrednici \u010desto reviziju shvataju kao redovan sistematski pregled, nu\u017eno zlo, a revizore kao osobe koje postavljaju sijaset smara\u010dkih zahteva.\u00a0Dijego Simeone finansijskog izve\u0161tavanja \u2013 to je...","protected":false},"author":3,"featured_media":0,"parent":0,"menu_order":0,"comment_status":"closed","ping_status":"closed","template":"","meta":{"footnotes":""},"class_list":["post-1801","page","type-page","status-publish"],"_links":{"self":[{"href":"https:\/\/nexiastar.com\/en\/wp-json\/wp\/v2\/pages\/1801","targetHints":{"allow":["GET"]}}],"collection":[{"href":"https:\/\/nexiastar.com\/en\/wp-json\/wp\/v2\/pages"}],"about":[{"href":"https:\/\/nexiastar.com\/en\/wp-json\/wp\/v2\/types\/page"}],"author":[{"embeddable":true,"href":"https:\/\/nexiastar.com\/en\/wp-json\/wp\/v2\/users\/3"}],"replies":[{"embeddable":true,"href":"https:\/\/nexiastar.com\/en\/wp-json\/wp\/v2\/comments?post=1801"}],"version-history":[{"count":13,"href":"https:\/\/nexiastar.com\/en\/wp-json\/wp\/v2\/pages\/1801\/revisions"}],"predecessor-version":[{"id":1944,"href":"https:\/\/nexiastar.com\/en\/wp-json\/wp\/v2\/pages\/1801\/revisions\/1944"}],"wp:attachment":[{"href":"https:\/\/nexiastar.com\/en\/wp-json\/wp\/v2\/media?parent=1801"}],"curies":[{"name":"wp","href":"https:\/\/api.w.org\/{rel}","templated":true}]}}