{"id":1831,"date":"2026-01-20T22:51:31","date_gmt":"2026-01-20T21:51:31","guid":{"rendered":"https:\/\/dev.nexiastar.com\/?page_id=1831"},"modified":"2026-02-04T15:03:31","modified_gmt":"2026-02-04T14:03:31","slug":"business-consulting","status":"publish","type":"page","link":"https:\/\/nexiastar.com\/en\/usluge\/poslovno-savetovanje\/","title":{"rendered":"Business Consulting"},"content":{"rendered":"<div id=\"fws_69e7504c7cf5b\"  data-column-margin=\"default\" data-midnight=\"dark\" data-top-percent=\"10%\"  class=\"wpb_row vc_row-fluid vc_row full-width-section\"  style=\"padding-top: calc(100vw * 0.10); padding-bottom: 0px; \"><div class=\"row-bg-wrap\" data-bg-animation=\"none\" data-bg-animation-delay=\"\" data-bg-overlay=\"false\"><div class=\"inner-wrap row-bg-layer using-image\" ><div class=\"row-bg viewport-desktop using-image\"  style=\"background-image: url(https:\/\/nexiastar.com\/wp-content\/uploads\/2025\/12\/2023-08-FEATURE-IMG1-1.jpg); background-position: center center; background-repeat: no-repeat; \"><\/div><\/div><\/div><div class=\"row_col_wrap_12 col span_12 dark left\">\n\t<div style=\" color: #00323C;\" class=\"vc_col-sm-6 hero-box wpb_column column_container vc_column_container col no-extra-padding inherit_tablet inherit_phone tr_br_40px\" data-cfc=\"true\" data-using-bg=\"true\" data-padding-pos=\"all\" data-has-bg-color=\"true\" data-bg-color=\"#FFFFFF\" data-bg-opacity=\"1\" data-animation=\"\" data-delay=\"0\" >\n\t\t<div class=\"vc_column-inner\" ><div class=\"column-bg-overlay-wrap column-bg-layer\" data-bg-animation=\"none\"><div class=\"column-bg-overlay\" style=\"opacity: 1; background-color: #FFFFFF;\"><\/div><\/div>\n\t\t\t<div class=\"wpb_wrapper\">\n\t\t\t\t<div id=\"fws_69e7504c7d24e\" data-midnight=\"\" data-column-margin=\"default\" class=\"wpb_row vc_row-fluid vc_row inner_row\"  style=\"\"><div class=\"row-bg-wrap\"> <div class=\"row-bg\" ><\/div> <\/div><div class=\"row_col_wrap_12_inner col span_12  left\">\n\t<div style=\" color: #00323C;\" class=\"vc_col-sm-12 wpb_column column_container vc_column_container col child_column padding-10-percent inherit_tablet inherit_phone\" data-cfc=\"true\"  data-padding-pos=\"all\" data-has-bg-color=\"false\" data-bg-color=\"\" data-bg-opacity=\"1\" data-animation=\"\" data-delay=\"0\" >\n\t\t<div class=\"vc_column-inner\" >\n\t\t<div class=\"wpb_wrapper\">\n\t\t\t<h1 style=\"font-size: 50px;color: #00323C;line-height: 1.2;text-align: left\" class=\"vc_custom_heading vc_do_custom_heading\" >Business Consulting<\/h1>\n\t\t<\/div> \n\t<\/div>\n\t<\/div> \n<\/div><\/div>\n\t\t\t<\/div> \n\t\t<\/div>\n\t<\/div> \n\n\t<div  class=\"vc_col-sm-6 wpb_column column_container vc_column_container col no-extra-padding inherit_tablet inherit_phone flex_gap_desktop_10px\"  data-padding-pos=\"all\" data-has-bg-color=\"false\" data-bg-color=\"\" data-bg-opacity=\"1\" data-animation=\"\" data-delay=\"0\" >\n\t\t<div class=\"vc_column-inner\" >\n\t\t\t<div class=\"wpb_wrapper\">\n\t\t\t\t\n\t\t\t<\/div> \n\t\t<\/div>\n\t<\/div> \n<\/div><\/div>\n\t\t<div id=\"fws_69e7504c7d632\"  data-column-margin=\"default\" data-midnight=\"dark\" data-top-percent=\"2%\" data-bottom-percent=\"1%\"  class=\"wpb_row vc_row-fluid vc_row\"  style=\"padding-top: calc(100vw * 0.02); padding-bottom: calc(100vw * 0.01); \"><div class=\"row-bg-wrap\" data-bg-animation=\"none\" data-bg-animation-delay=\"\" data-bg-overlay=\"false\"><div class=\"inner-wrap row-bg-layer\" ><div class=\"row-bg viewport-desktop\"  style=\"\"><\/div><\/div><\/div><div class=\"row_col_wrap_12 col span_12 dark left\">\n\t<div  class=\"vc_col-sm-12 wpb_column column_container vc_column_container col no-extra-padding inherit_tablet inherit_phone flex_gap_desktop_10px\"  data-padding-pos=\"all\" data-has-bg-color=\"false\" data-bg-color=\"\" data-bg-opacity=\"1\" data-animation=\"\" data-delay=\"0\" >\n\t\t<div class=\"vc_column-inner\" >\n\t\t\t<div class=\"wpb_wrapper\">\n\t\t\t\t\n<div class=\"wpb_text_column wpb_content_element\" >\n\t<p>We provide our clients with highly skilled, professional and carefully designed advisory services, adapted to the specific circumstances and needs of each individual client.<\/p>\n<p>Our goal is to achieve your goal, to look at and compare different development options and take further steps in running your business, from analyzing your previous results, providing assistance in creating business plans, investment studies, analyzing the market and your comparative advantages, the possibility of further development using your own resources, or finding a strategic or financial partner, entering new markets, acquiring or merging with other companies, financial restructuring and various other possible alternatives.<\/p>\n<\/div>\n\n\n\n\n\t\t\t<\/div> \n\t\t<\/div>\n\t<\/div> \n<\/div><\/div>\n\t\t<div id=\"fws_69e7504c7d887\"  data-column-margin=\"default\" data-midnight=\"dark\"  class=\"wpb_row vc_row-fluid vc_row\"  style=\"padding-top: 0px; padding-bottom: 0px; \"><div class=\"row-bg-wrap\" data-bg-animation=\"none\" data-bg-animation-delay=\"\" data-bg-overlay=\"false\"><div class=\"inner-wrap row-bg-layer\" ><div class=\"row-bg viewport-desktop\"  style=\"\"><\/div><\/div><\/div><div class=\"row_col_wrap_12 col span_12 dark left\">\n\t<div  class=\"vc_col-sm-2 wpb_column column_container vc_column_container col no-extra-padding inherit_tablet inherit_phone flex_gap_desktop_10px\"  data-padding-pos=\"all\" data-has-bg-color=\"false\" data-bg-color=\"\" data-bg-opacity=\"1\" data-animation=\"\" data-delay=\"0\" >\n\t\t<div class=\"vc_column-inner\" >\n\t\t\t<div class=\"wpb_wrapper\">\n\t\t\t\t\n\t\t\t<\/div> \n\t\t<\/div>\n\t<\/div> \n\n\t<div  class=\"vc_col-sm-8 wpb_column column_container vc_column_container col no-extra-padding inherit_tablet inherit_phone flex_gap_desktop_10px\"  data-padding-pos=\"all\" data-has-bg-color=\"false\" data-bg-color=\"\" data-bg-opacity=\"1\" data-animation=\"\" data-delay=\"0\" >\n\t\t<div class=\"vc_column-inner\" >\n\t\t\t<div class=\"wpb_wrapper\">\n\t\t\t\t<div class=\"img-with-aniamtion-wrap  tr_br_40px bl_br_40px\" data-max-width=\"100%\" data-max-width-mobile=\"default\" data-border-radius=\"custom\" data-shadow=\"none\" data-animation=\"none\" >\n      <div class=\"inner\">\n        <div class=\"hover-wrap\"> \n          <div class=\"hover-wrap-inner\">\n            <img loading=\"lazy\" decoding=\"async\" class=\"img-with-animation skip-lazy\" data-delay=\"0\" height=\"563\" width=\"1000\" data-animation=\"none\" src=\"https:\/\/nexiastar.com\/wp-content\/uploads\/2025\/12\/nexia11.jpg\" alt=\"\" srcset=\"https:\/\/nexiastar.com\/wp-content\/uploads\/2025\/12\/nexia11.jpg 1000w, https:\/\/nexiastar.com\/wp-content\/uploads\/2025\/12\/nexia11-300x169.jpg 300w, https:\/\/nexiastar.com\/wp-content\/uploads\/2025\/12\/nexia11-768x432.jpg 768w\" sizes=\"auto, (max-width: 1000px) 100vw, 1000px\">\n          <\/div>\n        <\/div>\n        \n      <\/div>\n    <\/div>\n\t\t\t<\/div> \n\t\t<\/div>\n\t<\/div> \n\n\t<div  class=\"vc_col-sm-2 wpb_column column_container vc_column_container col no-extra-padding inherit_tablet inherit_phone flex_gap_desktop_10px\"  data-padding-pos=\"all\" data-has-bg-color=\"false\" data-bg-color=\"\" data-bg-opacity=\"1\" data-animation=\"\" data-delay=\"0\" >\n\t\t<div class=\"vc_column-inner\" >\n\t\t\t<div class=\"wpb_wrapper\">\n\t\t\t\t\n\t\t\t<\/div> \n\t\t<\/div>\n\t<\/div> \n<\/div><\/div>\n\t\t<div id=\"fws_69e7504c7dde9\"  data-column-margin=\"default\" data-midnight=\"dark\" data-top-percent=\"1%\" data-bottom-percent=\"2%\"  class=\"wpb_row vc_row-fluid vc_row\"  style=\"padding-top: calc(100vw * 0.01); padding-bottom: calc(100vw * 0.02); \"><div class=\"row-bg-wrap\" data-bg-animation=\"none\" data-bg-animation-delay=\"\" data-bg-overlay=\"false\"><div class=\"inner-wrap row-bg-layer\" ><div class=\"row-bg viewport-desktop\"  style=\"\"><\/div><\/div><\/div><div class=\"row_col_wrap_12 col span_12 dark left\">\n\t<div  class=\"vc_col-sm-12 wpb_column column_container vc_column_container col no-extra-padding inherit_tablet inherit_phone flex_gap_desktop_10px\"  data-padding-pos=\"all\" data-has-bg-color=\"false\" data-bg-color=\"\" data-bg-opacity=\"1\" data-animation=\"\" data-delay=\"0\" >\n\t\t<div class=\"vc_column-inner\" >\n\t\t\t<div class=\"wpb_wrapper\">\n\t\t\t\t\n<div class=\"wpb_text_column wpb_content_element\" >\n\t<p>Possible business consulting services that could be interesting and useful for you are:<\/p>\n<ul>\n<li>Preparation of the Company for finding a strategic and investment partner and support in negotiations<\/li>\n<li>Help in creating a business plan or investment feasibility study, considering several possible scenarios, and for different purposes<\/li>\n<li>Assessment of the value of capital, shares or shares for different purposes, i.e. analysis of what your business is worth today or what it could be worth under other circumstances, all in accordance with International Valuation Standards<\/li>\n<li>Valuation of assets for financial reporting, sale, loan securing and other purposes, in accordance with International Financial Reporting Standards and International Valuation Standards<\/li>\n<li>Allocation of the purchase price after the acquisition is completed for financial reporting purposes<\/li>\n<li>Testing for possible impairment of assets or goodwill for financial reporting purposes<\/li>\n<li>Financial restructuring that includes analysis of previous operations, analysis of debt repayment capacity with comparison of different alternatives, presentation and negotiations with creditors<\/li>\n<li>Risk Management Services - Effective and consistent risk management provides you and your employees with the necessary confidence to focus on achieving key business goals for your company. With every risk comes an opportunity. For this reason, leading organizations thoroughly assess and evaluate their risk portfolio and allocate appropriate resources to be able to identify and manage key risks more effectively than the competition. For such organizations, effective risk management is an essential management function.<\/li>\n<\/ul>\n<h3>Contact<\/h3>\n<p><a href=\"mailto:m.karajovic@nexiastar.com\">Milo\u0161 Karajovi\u0107<\/a><\/p>\n<\/div>\n\n\n\n\n\t\t\t<\/div> \n\t\t<\/div>\n\t<\/div> \n<\/div><\/div>","protected":false},"excerpt":{"rendered":"Poslovno savetovanje Pru\u017eamo klijentima visoko stru\u010dne, profesionalne i pa\u017eljivo osmi\u0161ljene savetodavne usluge, prilago\u0111ene specifi\u010dnim okolnostima i potrebama svakog pojedina\u010dnog klijenta. Na\u0161 cilj je ostvarenje va\u0161eg cilja, sagledavanje i pore\u0111enje razli\u010ditih...","protected":false},"author":3,"featured_media":0,"parent":1673,"menu_order":0,"comment_status":"closed","ping_status":"closed","template":"","meta":{"footnotes":""},"class_list":["post-1831","page","type-page","status-publish"],"_links":{"self":[{"href":"https:\/\/nexiastar.com\/en\/wp-json\/wp\/v2\/pages\/1831","targetHints":{"allow":["GET"]}}],"collection":[{"href":"https:\/\/nexiastar.com\/en\/wp-json\/wp\/v2\/pages"}],"about":[{"href":"https:\/\/nexiastar.com\/en\/wp-json\/wp\/v2\/types\/page"}],"author":[{"embeddable":true,"href":"https:\/\/nexiastar.com\/en\/wp-json\/wp\/v2\/users\/3"}],"replies":[{"embeddable":true,"href":"https:\/\/nexiastar.com\/en\/wp-json\/wp\/v2\/comments?post=1831"}],"version-history":[{"count":3,"href":"https:\/\/nexiastar.com\/en\/wp-json\/wp\/v2\/pages\/1831\/revisions"}],"predecessor-version":[{"id":1984,"href":"https:\/\/nexiastar.com\/en\/wp-json\/wp\/v2\/pages\/1831\/revisions\/1984"}],"up":[{"embeddable":true,"href":"https:\/\/nexiastar.com\/en\/wp-json\/wp\/v2\/pages\/1673"}],"wp:attachment":[{"href":"https:\/\/nexiastar.com\/en\/wp-json\/wp\/v2\/media?parent=1831"}],"curies":[{"name":"wp","href":"https:\/\/api.w.org\/{rel}","templated":true}]}}